{"id":4139,"date":"2022-01-06T09:58:20","date_gmt":"2022-01-06T09:58:20","guid":{"rendered":"https:\/\/leadrp.net\/?page_id=4139"},"modified":"2025-06-17T14:51:44","modified_gmt":"2025-06-17T06:51:44","slug":"blog","status":"publish","type":"page","link":"https:\/\/haichensmt.com\/pt\/blog\/","title":{"rendered":"Blogue"},"content":{"rendered":"<div data-elementor-type=\"wp-page\" data-elementor-id=\"4139\" class=\"elementor elementor-4139\" data-elementor-post-type=\"page\">\n\t\t\t\t<div class=\"elementor-element elementor-element-73a7e0b e-flex e-con-boxed e-con e-parent\" data-id=\"73a7e0b\" data-element_type=\"container\" data-e-type=\"container\" data-settings=\"{&quot;background_background&quot;:&quot;classic&quot;}\">\n\t\t\t\t\t<div class=\"e-con-inner\">\n\t\t<div class=\"elementor-element elementor-element-ed80382 e-con-full e-flex e-con e-child\" data-id=\"ed80382\" data-element_type=\"container\" data-e-type=\"container\">\n\t\t\t\t<div class=\"elementor-element elementor-element-e0470cf elementor-widget elementor-widget-heading\" data-id=\"e0470cf\" data-element_type=\"widget\" data-e-type=\"widget\" data-widget_type=\"heading.default\">\n\t\t\t\t\t<h1 class=\"elementor-heading-title elementor-size-default\">Artigo<\/h1>\t\t\t\t<\/div>\n\t\t\t\t<div class=\"elementor-element elementor-element-a00dff5 elementor-widget elementor-widget-text-editor\" data-id=\"a00dff5\" data-element_type=\"widget\" data-e-type=\"widget\" data-widget_type=\"text-editor.default\">\n\t\t\t\t\t\t\t\t\t<p>Obtenha respostas diretas, dicas \u00fateis e explica\u00e7\u00f5es claras sobre montagem em superf\u00edcie, atrav\u00e9s de orif\u00edcios, tecnologia de montagem de placas de circuito impresso e muito mais no nosso blogue.<\/p>\t\t\t\t\t\t\t\t<\/div>\n\t\t\t\t<\/div>\n\t\t\t\t\t<\/div>\n\t\t\t\t<\/div>\n\t\t\t\t<section class=\"elementor-section elementor-top-section elementor-element elementor-element-v663ux6 elementor-section-boxed elementor-section-height-default elementor-section-height-default\" data-id=\"v663ux6\" data-element_type=\"section\" data-e-type=\"section\" data-settings=\"{&quot;background_background&quot;:&quot;gradient&quot;}\">\n\t\t\t\t\t\t<div class=\"elementor-container elementor-column-gap-no\">\n\t\t\t\t\t<div class=\"elementor-column elementor-col-100 elementor-top-column elementor-element elementor-element-e570ee8\" data-id=\"e570ee8\" data-element_type=\"column\" data-e-type=\"column\">\n\t\t\t<div class=\"elementor-widget-wrap elementor-element-populated\">\n\t\t\t\t\t\t<div class=\"elementor-element elementor-element-ef97e28 elementor-widget__width-initial elementor-grid-2 elementor-grid-tablet-2 elementor-grid-mobile-1 elementor-posts--thumbnail-top elementor-widget elementor-widget-posts\" data-id=\"ef97e28\" data-element_type=\"widget\" data-e-type=\"widget\" data-settings=\"{&quot;classic_columns&quot;:&quot;2&quot;,&quot;classic_columns_tablet&quot;:&quot;2&quot;,&quot;classic_columns_mobile&quot;:&quot;1&quot;,&quot;classic_row_gap&quot;:{&quot;unit&quot;:&quot;px&quot;,&quot;size&quot;:35,&quot;sizes&quot;:[]},&quot;classic_row_gap_tablet&quot;:{&quot;unit&quot;:&quot;px&quot;,&quot;size&quot;:&quot;&quot;,&quot;sizes&quot;:[]},&quot;classic_row_gap_mobile&quot;:{&quot;unit&quot;:&quot;px&quot;,&quot;size&quot;:&quot;&quot;,&quot;sizes&quot;:[]}}\" data-widget_type=\"posts.classic\">\n\t\t\t\t<div class=\"elementor-widget-container\">\n\t\t\t\t\t\t\t<div class=\"elementor-posts-container elementor-posts elementor-posts--skin-classic elementor-grid\" role=\"list\">\n\t\t\t\t<article class=\"elementor-post elementor-grid-item post-17245 post type-post status-publish format-standard has-post-thumbnail hentry category-selective-coating\" role=\"listitem\">\n\t\t\t\t<a class=\"elementor-post__thumbnail__link\" href=\"https:\/\/haichensmt.com\/pt\/uv-adhesive-conformal-coating-process-specification\/\" tabindex=\"-1\" >\n\t\t\t<div class=\"elementor-post__thumbnail\"><img fetchpriority=\"high\" decoding=\"async\" width=\"600\" height=\"400\" src=\"https:\/\/haichensmt.com\/wp-content\/uploads\/2025\/06\/\u7b2c9\u9875-143.png\" class=\"attachment-medium_large size-medium_large wp-image-17268\" alt=\"conformal coating\" title=\"\" srcset=\"https:\/\/haichensmt.com\/wp-content\/uploads\/2025\/06\/\u7b2c9\u9875-143.png 600w, https:\/\/haichensmt.com\/wp-content\/uploads\/2025\/06\/\u7b2c9\u9875-143-300x200.png 300w, https:\/\/haichensmt.com\/wp-content\/uploads\/2025\/06\/\u7b2c9\u9875-143-18x12.png 18w\" sizes=\"(max-width: 600px) 100vw, 600px\" \/><\/div>\n\t\t<\/a>\n\t\t\t\t<div class=\"elementor-post__text\">\n\t\t\t\t<h3 class=\"elementor-post__title\">\n\t\t\t<a href=\"https:\/\/haichensmt.com\/pt\/uv-adhesive-conformal-coating-process-specification\/\" >\n\t\t\t\tEspecifica\u00e7\u00e3o do processo de revestimento conformal com adesivo UV\t\t\t<\/a>\n\t\t<\/h3>\n\t\t\t\t<div class=\"elementor-post__meta-data\">\n\t\t\t\t\t<span class=\"elementor-post-date\">\n\t\t\t23 de junho de 2025\t\t<\/span>\n\t\t\t\t<span class=\"elementor-post-avatar\">\n\t\t\tSem coment\u00e1rios\t\t<\/span>\n\t\t\t\t<\/div>\n\t\t\t\t<div class=\"elementor-post__excerpt\">\n\t\t\t<p>1. Purpose Estabelecer e definir o fluxo do processo e os requisitos para aplica\u00e7\u00e3o de revestimento conformal adesivo UV em PCBA. Recomenda\u00e7\u00e3o de m\u00e1quina de revestimento: HC-P450S Clique para visualizar os par\u00e2metros da m\u00e1quina 2. Escopo Aplic\u00e1vel ao processo de revestimento conformal de PCBA para todos os produtos da empresa. 3. Conte\u00fado 3.1 Prepara\u00e7\u00e3o do Revestimento Realizar inspe\u00e7\u00e3o visual na PCBA a ser revestida [\u2026]<\/p>\n\t\t<\/div>\n\t\t\n\t\t<a class=\"elementor-post__read-more\" href=\"https:\/\/haichensmt.com\/pt\/uv-adhesive-conformal-coating-process-specification\/\" aria-label=\"Read more about UV Adhesive Conformal Coating Process Specification\" tabindex=\"-1\" >\n\t\t\tLer mais \"\t\t<\/a>\n\n\t\t\t\t<\/div>\n\t\t\t\t<\/article>\n\t\t\t\t<article class=\"elementor-post elementor-grid-item post-17223 post type-post status-publish format-standard has-post-thumbnail hentry category-selective-coating\" role=\"listitem\">\n\t\t\t\t<a class=\"elementor-post__thumbnail__link\" href=\"https:\/\/haichensmt.com\/pt\/high-speed-precision-dispensing-machine-d450s-core-equipment-for-solving-color-difference-in-led-displays\/\" tabindex=\"-1\" >\n\t\t\t<div class=\"elementor-post__thumbnail\"><img decoding=\"async\" width=\"768\" height=\"512\" src=\"https:\/\/haichensmt.com\/wp-content\/uploads\/2024\/12\/39-768x512.jpg\" class=\"attachment-medium_large size-medium_large wp-image-16745\" alt=\"\" title=\"\" srcset=\"https:\/\/haichensmt.com\/wp-content\/uploads\/2024\/12\/39-768x512.jpg 768w, https:\/\/haichensmt.com\/wp-content\/uploads\/2024\/12\/39-300x200.jpg 300w, https:\/\/haichensmt.com\/wp-content\/uploads\/2024\/12\/39-1024x683.jpg 1024w, https:\/\/haichensmt.com\/wp-content\/uploads\/2024\/12\/39-18x12.jpg 18w, https:\/\/haichensmt.com\/wp-content\/uploads\/2024\/12\/39.jpg 1200w\" sizes=\"(max-width: 768px) 100vw, 768px\" \/><\/div>\n\t\t<\/a>\n\t\t\t\t<div class=\"elementor-post__text\">\n\t\t\t\t<h3 class=\"elementor-post__title\">\n\t\t\t<a href=\"https:\/\/haichensmt.com\/pt\/high-speed-precision-dispensing-machine-d450s-core-equipment-for-solving-color-difference-in-led-displays\/\" >\n\t\t\t\tM\u00e1quina de dispensa\u00e7\u00e3o de alta velocidade e precis\u00e3o D450S: Equipamento essencial para solucionar diferen\u00e7as de cor em displays de LED.\t\t\t<\/a>\n\t\t<\/h3>\n\t\t\t\t<div class=\"elementor-post__meta-data\">\n\t\t\t\t\t<span class=\"elementor-post-date\">\n\t\t\t19 de junho de 2025\t\t<\/span>\n\t\t\t\t<span class=\"elementor-post-avatar\">\n\t\t\tSem coment\u00e1rios\t\t<\/span>\n\t\t\t\t<\/div>\n\t\t\t\t<div class=\"elementor-post__excerpt\">\n\t\t\t<p>M\u00e1quina de Dispensa\u00e7\u00e3o de Alta Velocidade D450S \u2013 Superando a Diferen\u00e7a de Cor em Telas de LED com Precis\u00e3o em N\u00edvel Microm\u00e9trico I. Principais Vantagens: Integra\u00e7\u00e3o Perfeita de Pulveriza\u00e7\u00e3o de Alta Precis\u00e3o e Produ\u00e7\u00e3o Eficiente Controle de Precis\u00e3o em N\u00edvel Microm\u00e9trico para Resolver a Causa Raiz da Diferen\u00e7a de Cor Adota sistema de acionamento de tr\u00eas eixos XYZ servo (motor Panasonic servo +<\/p>\n\t\t<\/div>\n\t\t\n\t\t<a class=\"elementor-post__read-more\" href=\"https:\/\/haichensmt.com\/pt\/high-speed-precision-dispensing-machine-d450s-core-equipment-for-solving-color-difference-in-led-displays\/\" aria-label=\"Read more about High &#8211; speed Precision Dispensing Machine D450S: Core Equipment for Solving Color Difference in LED Displays\" tabindex=\"-1\" >\n\t\t\tLer mais \"\t\t<\/a>\n\n\t\t\t\t<\/div>\n\t\t\t\t<\/article>\n\t\t\t\t<article class=\"elementor-post elementor-grid-item post-17211 post type-post status-publish format-standard has-post-thumbnail hentry category-selective-coating\" role=\"listitem\">\n\t\t\t\t<a class=\"elementor-post__thumbnail__link\" href=\"https:\/\/haichensmt.com\/pt\/the-evolution-of-led-display-technology-from-fundamental-principles-to-inkjet-innovation\/\" tabindex=\"-1\" >\n\t\t\t<div class=\"elementor-post__thumbnail\"><img decoding=\"async\" width=\"768\" height=\"518\" src=\"https:\/\/haichensmt.com\/wp-content\/uploads\/2025\/06\/\u5c4f\u5e55\u622a\u56fe-2025-06-17-172144-768x518.png\" class=\"attachment-medium_large size-medium_large wp-image-17212\" alt=\"LED screen, LED light\" title=\"\" srcset=\"https:\/\/haichensmt.com\/wp-content\/uploads\/2025\/06\/\u5c4f\u5e55\u622a\u56fe-2025-06-17-172144-768x518.png 768w, https:\/\/haichensmt.com\/wp-content\/uploads\/2025\/06\/\u5c4f\u5e55\u622a\u56fe-2025-06-17-172144-300x202.png 300w, https:\/\/haichensmt.com\/wp-content\/uploads\/2025\/06\/\u5c4f\u5e55\u622a\u56fe-2025-06-17-172144-1024x691.png 1024w, https:\/\/haichensmt.com\/wp-content\/uploads\/2025\/06\/\u5c4f\u5e55\u622a\u56fe-2025-06-17-172144-18x12.png 18w, https:\/\/haichensmt.com\/wp-content\/uploads\/2025\/06\/\u5c4f\u5e55\u622a\u56fe-2025-06-17-172144.png 1063w\" sizes=\"(max-width: 768px) 100vw, 768px\" \/><\/div>\n\t\t<\/a>\n\t\t\t\t<div class=\"elementor-post__text\">\n\t\t\t\t<h3 class=\"elementor-post__title\">\n\t\t\t<a href=\"https:\/\/haichensmt.com\/pt\/the-evolution-of-led-display-technology-from-fundamental-principles-to-inkjet-innovation\/\" >\n\t\t\t\tEvolu\u00e7\u00e3o da tecnologia de displays LED: foco na inova\u00e7\u00e3o em impress\u00e3o a jato de tinta para m\u00e1quinas dispensadoras.\t\t\t<\/a>\n\t\t<\/h3>\n\t\t\t\t<div class=\"elementor-post__meta-data\">\n\t\t\t\t\t<span class=\"elementor-post-date\">\n\t\t\t17 de junho de 2025\t\t<\/span>\n\t\t\t\t<span class=\"elementor-post-avatar\">\n\t\t\tSem coment\u00e1rios\t\t<\/span>\n\t\t\t\t<\/div>\n\t\t\t\t<div class=\"elementor-post__excerpt\">\n\t\t\t<p>Na era digital, os displays de LED s\u00e3o essenciais em diversas aplica\u00e7\u00f5es. Este artigo se concentra na impress\u00e3o a jato de tinta por m\u00e1quina dispensadora: explorando como ela resolve desafios no desenvolvimento de displays, molda camadas uniformes de emiss\u00e3o de luz, cria sinergia com equipamentos SMT e impacta os contrastes de encapsulamento COB\/SMD. Tamb\u00e9m recomenda as melhores ferramentas de impress\u00e3o a jato de tinta, destacando seu papel na inova\u00e7\u00e3o de displays de LED. Os Fundamentos<\/p>\n\t\t<\/div>\n\t\t\n\t\t<a class=\"elementor-post__read-more\" href=\"https:\/\/haichensmt.com\/pt\/the-evolution-of-led-display-technology-from-fundamental-principles-to-inkjet-innovation\/\" aria-label=\"Read more about LED Display Technology Evolution: Focus on Dispensing Machine Inkjetting Innovation\" tabindex=\"-1\" >\n\t\t\tLer mais \"\t\t<\/a>\n\n\t\t\t\t<\/div>\n\t\t\t\t<\/article>\n\t\t\t\t<article class=\"elementor-post elementor-grid-item post-17151 post type-post status-publish format-standard has-post-thumbnail hentry category-selective-coating\" role=\"listitem\">\n\t\t\t\t<a class=\"elementor-post__thumbnail__link\" href=\"https:\/\/haichensmt.com\/pt\/dispensing-machine-solution-for-ccs-in-ev-batteries\/\" tabindex=\"-1\" >\n\t\t\t<div class=\"elementor-post__thumbnail\"><img loading=\"lazy\" decoding=\"async\" width=\"768\" height=\"576\" src=\"https:\/\/haichensmt.com\/wp-content\/uploads\/2025\/06\/\u8f66pcb-768x576.png\" class=\"attachment-medium_large size-medium_large wp-image-17152\" alt=\"\" title=\"\" srcset=\"https:\/\/haichensmt.com\/wp-content\/uploads\/2025\/06\/\u8f66pcb-768x576.png 768w, https:\/\/haichensmt.com\/wp-content\/uploads\/2025\/06\/\u8f66pcb-300x225.png 300w, https:\/\/haichensmt.com\/wp-content\/uploads\/2025\/06\/\u8f66pcb-1024x768.png 1024w, https:\/\/haichensmt.com\/wp-content\/uploads\/2025\/06\/\u8f66pcb-16x12.png 16w, https:\/\/haichensmt.com\/wp-content\/uploads\/2025\/06\/\u8f66pcb.png 1360w\" sizes=\"(max-width: 768px) 100vw, 768px\" \/><\/div>\n\t\t<\/a>\n\t\t\t\t<div class=\"elementor-post__text\">\n\t\t\t\t<h3 class=\"elementor-post__title\">\n\t\t\t<a href=\"https:\/\/haichensmt.com\/pt\/dispensing-machine-solution-for-ccs-in-ev-batteries\/\" >\n\t\t\t\tSolu\u00e7\u00e3o de m\u00e1quina de dosagem de alta precis\u00e3o para p\u00f3s-processamento de CCS em baterias de ve\u00edculos el\u00e9tricos.\t\t\t<\/a>\n\t\t<\/h3>\n\t\t\t\t<div class=\"elementor-post__meta-data\">\n\t\t\t\t\t<span class=\"elementor-post-date\">\n\t\t\t14 de junho de 2025\t\t<\/span>\n\t\t\t\t<span class=\"elementor-post-avatar\">\n\t\t\tSem coment\u00e1rios\t\t<\/span>\n\t\t\t\t<\/div>\n\t\t\t\t<div class=\"elementor-post__excerpt\">\n\t\t\t<p>I. An\u00e1lise da Ind\u00fastria (Por que precisamos de m\u00e1quinas de dosagem na produ\u00e7\u00e3o) Pesquisas recentes mostram que a demanda por FPC para baterias de ve\u00edculos de nova energia est\u00e1 em ascens\u00e3o, emergindo como um importante motor de crescimento. Os dados mais recentes indicam que a participa\u00e7\u00e3o do FPC em PCBs automotivos aumentou de 12% para 15%. As aplica\u00e7\u00f5es do FPC abrangem ilumina\u00e7\u00e3o veicular, m\u00f3dulos de exibi\u00e7\u00e3o, sistemas de controle de energia (BMS\/VCU\/MCU), sensores, ADAS,<\/p>\n\t\t<\/div>\n\t\t\n\t\t<a class=\"elementor-post__read-more\" href=\"https:\/\/haichensmt.com\/pt\/dispensing-machine-solution-for-ccs-in-ev-batteries\/\" aria-label=\"Read more about High &#8211; Precision Dispensing Machine Solution for Post &#8211; processing of CCS in EV Power Batteries\" tabindex=\"-1\" >\n\t\t\tLer mais \"\t\t<\/a>\n\n\t\t\t\t<\/div>\n\t\t\t\t<\/article>\n\t\t\t\t<article class=\"elementor-post elementor-grid-item post-17102 post type-post status-publish format-standard has-post-thumbnail hentry category-selective-coating\" role=\"listitem\">\n\t\t\t\t<a class=\"elementor-post__thumbnail__link\" href=\"https:\/\/haichensmt.com\/pt\/guide-to-selective-coating-machines\/\" tabindex=\"-1\" >\n\t\t\t<div class=\"elementor-post__thumbnail\"><img loading=\"lazy\" decoding=\"async\" width=\"768\" height=\"512\" src=\"https:\/\/haichensmt.com\/wp-content\/uploads\/2024\/12\/coating-768x512.webp\" class=\"attachment-medium_large size-medium_large wp-image-16775\" alt=\"\" title=\"\" srcset=\"https:\/\/haichensmt.com\/wp-content\/uploads\/2024\/12\/coating-768x512.webp 768w, https:\/\/haichensmt.com\/wp-content\/uploads\/2024\/12\/coating-300x200.webp 300w, https:\/\/haichensmt.com\/wp-content\/uploads\/2024\/12\/coating-1024x683.webp 1024w, https:\/\/haichensmt.com\/wp-content\/uploads\/2024\/12\/coating-18x12.webp 18w, https:\/\/haichensmt.com\/wp-content\/uploads\/2024\/12\/coating.webp 1080w\" sizes=\"(max-width: 768px) 100vw, 768px\" \/><\/div>\n\t\t<\/a>\n\t\t\t\t<div class=\"elementor-post__text\">\n\t\t\t\t<h3 class=\"elementor-post__title\">\n\t\t\t<a href=\"https:\/\/haichensmt.com\/pt\/guide-to-selective-coating-machines\/\" >\n\t\t\t\tInvestindo em prote\u00e7\u00e3o: seu guia para m\u00e1quinas de revestimento seletivo\t\t\t<\/a>\n\t\t<\/h3>\n\t\t\t\t<div class=\"elementor-post__meta-data\">\n\t\t\t\t\t<span class=\"elementor-post-date\">\n\t\t\t22 de maio de 2025\t\t<\/span>\n\t\t\t\t<span class=\"elementor-post-avatar\">\n\t\t\tSem coment\u00e1rios\t\t<\/span>\n\t\t\t\t<\/div>\n\t\t\t\t<div class=\"elementor-post__excerpt\">\n\t\t\t<p>No mercado de eletr\u00f4nicos altamente competitivo de hoje, a confiabilidade e a longevidade das placas de circuito impresso (PCBs) s\u00e3o fundamentais. \u00c0 medida que os dispositivos se tornam menores, mais complexos e s\u00e3o implantados em ambientes cada vez mais hostis, proteger componentes eletr\u00f4nicos sens\u00edveis contra umidade, poeira, produtos qu\u00edmicos e temperaturas extremas deixou de ser um luxo e se tornou uma necessidade. \u00c9 a\u00ed que entra o revestimento conformal.<\/p>\n\t\t<\/div>\n\t\t\n\t\t<a class=\"elementor-post__read-more\" href=\"https:\/\/haichensmt.com\/pt\/guide-to-selective-coating-machines\/\" aria-label=\"Read more about Investing in Protection: Your Guide to Selective Coating Machines\" tabindex=\"-1\" >\n\t\t\tLer mais \"\t\t<\/a>\n\n\t\t\t\t<\/div>\n\t\t\t\t<\/article>\n\t\t\t\t<\/div>\n\t\t\n\t\t\t\t\t\t<\/div>\n\t\t\t\t<\/div>\n\t\t\t\t\t<\/div>\n\t\t<\/div>\n\t\t\t\t\t<\/div>\n\t\t<\/section>\n\t\t\t\t<\/div>","protected":false},"excerpt":{"rendered":"<p>Article Get straight answers, useful tips, and clear explanations about surface mounting, through-hole, pcb assmbly technology and more on our blog.<\/p>","protected":false},"author":5,"featured_media":0,"parent":0,"menu_order":0,"comment_status":"closed","ping_status":"closed","template":"","meta":{"_lmt_disableupdate":"no","_lmt_disable":"","site-sidebar-layout":"no-sidebar","site-content-layout":"page-builder","ast-site-content-layout":"full-width-container","site-content-style":"unboxed","site-sidebar-style":"unboxed","ast-global-header-display":"","ast-banner-title-visibility":"","ast-main-header-display":"","ast-hfb-above-header-display":"","ast-hfb-below-header-display":"","ast-hfb-mobile-header-display":"","site-post-title":"disabled","ast-breadcrumbs-content":"disabled","ast-featured-img":"disabled","footer-sml-layout":"","ast-disable-related-posts":"","theme-transparent-header-meta":"","adv-header-id-meta":"","stick-header-meta":"","header-above-stick-meta":"","header-main-stick-meta":"","header-below-stick-meta":"","astra-migrate-meta-layouts":"set","ast-page-background-enabled":"default","ast-page-background-meta":{"desktop":{"background-color":"","background-image":"","background-repeat":"repeat","background-position":"center center","background-size":"auto","background-attachment":"scroll","background-type":"","background-media":"","overlay-type":"","overlay-color":"","overlay-opacity":"","overlay-gradient":""},"tablet":{"background-color":"","background-image":"","background-repeat":"repeat","background-position":"center center","background-size":"auto","background-attachment":"scroll","background-type":"","background-media":"","overlay-type":"","overlay-color":"","overlay-opacity":"","overlay-gradient":""},"mobile":{"background-color":"","background-image":"","background-repeat":"repeat","background-position":"center center","background-size":"auto","background-attachment":"scroll","background-type":"","background-media":"","overlay-type":"","overlay-color":"","overlay-opacity":"","overlay-gradient":""}},"ast-content-background-meta":{"desktop":{"background-color":"var(--ast-global-color-5)","background-image":"","background-repeat":"repeat","background-position":"center center","background-size":"auto","background-attachment":"scroll","background-type":"","background-media":"","overlay-type":"","overlay-color":"","overlay-opacity":"","overlay-gradient":""},"tablet":{"background-color":"var(--ast-global-color-5)","background-image":"","background-repeat":"repeat","background-position":"center center","background-size":"auto","background-attachment":"scroll","background-type":"","background-media":"","overlay-type":"","overlay-color":"","overlay-opacity":"","overlay-gradient":""},"mobile":{"background-color":"var(--ast-global-color-5)","background-image":"","background-repeat":"repeat","background-position":"center center","background-size":"auto","background-attachment":"scroll","background-type":"","background-media":"","overlay-type":"","overlay-color":"","overlay-opacity":"","overlay-gradient":""}},"footnotes":""},"class_list":["post-4139","page","type-page","status-publish","hentry"],"_links":{"self":[{"href":"https:\/\/haichensmt.com\/pt\/wp-json\/wp\/v2\/pages\/4139","targetHints":{"allow":["GET"]}}],"collection":[{"href":"https:\/\/haichensmt.com\/pt\/wp-json\/wp\/v2\/pages"}],"about":[{"href":"https:\/\/haichensmt.com\/pt\/wp-json\/wp\/v2\/types\/page"}],"author":[{"embeddable":true,"href":"https:\/\/haichensmt.com\/pt\/wp-json\/wp\/v2\/users\/5"}],"replies":[{"embeddable":true,"href":"https:\/\/haichensmt.com\/pt\/wp-json\/wp\/v2\/comments?post=4139"}],"version-history":[{"count":23,"href":"https:\/\/haichensmt.com\/pt\/wp-json\/wp\/v2\/pages\/4139\/revisions"}],"predecessor-version":[{"id":17210,"href":"https:\/\/haichensmt.com\/pt\/wp-json\/wp\/v2\/pages\/4139\/revisions\/17210"}],"wp:attachment":[{"href":"https:\/\/haichensmt.com\/pt\/wp-json\/wp\/v2\/media?parent=4139"}],"curies":[{"name":"wp","href":"https:\/\/api.w.org\/{rel}","templated":true}]}}