{"id":4139,"date":"2022-01-06T09:58:20","date_gmt":"2022-01-06T09:58:20","guid":{"rendered":"https:\/\/leadrp.net\/?page_id=4139"},"modified":"2025-06-17T14:51:44","modified_gmt":"2025-06-17T06:51:44","slug":"blog","status":"publish","type":"page","link":"https:\/\/haichensmt.com\/it\/blog\/","title":{"rendered":"Blog"},"content":{"rendered":"<div data-elementor-type=\"wp-page\" data-elementor-id=\"4139\" class=\"elementor elementor-4139\" data-elementor-post-type=\"page\">\n\t\t\t\t<div class=\"elementor-element elementor-element-73a7e0b e-flex e-con-boxed e-con e-parent\" data-id=\"73a7e0b\" data-element_type=\"container\" data-e-type=\"container\" data-settings=\"{&quot;background_background&quot;:&quot;classic&quot;}\">\n\t\t\t\t\t<div class=\"e-con-inner\">\n\t\t<div class=\"elementor-element elementor-element-ed80382 e-con-full e-flex e-con e-child\" data-id=\"ed80382\" data-element_type=\"container\" data-e-type=\"container\">\n\t\t\t\t<div class=\"elementor-element elementor-element-e0470cf elementor-widget elementor-widget-heading\" data-id=\"e0470cf\" data-element_type=\"widget\" data-e-type=\"widget\" data-widget_type=\"heading.default\">\n\t\t\t\t\t<h1 class=\"elementor-heading-title elementor-size-default\">Articolo<\/h1>\t\t\t\t<\/div>\n\t\t\t\t<div class=\"elementor-element elementor-element-a00dff5 elementor-widget elementor-widget-text-editor\" data-id=\"a00dff5\" data-element_type=\"widget\" data-e-type=\"widget\" data-widget_type=\"text-editor.default\">\n\t\t\t\t\t\t\t\t\t<p>Sul nostro blog troverete risposte dirette, consigli utili e spiegazioni chiare su montaggio superficiale, foro passante, tecnologia di assemblaggio di circuiti stampati e altro ancora.<\/p>\t\t\t\t\t\t\t\t<\/div>\n\t\t\t\t<\/div>\n\t\t\t\t\t<\/div>\n\t\t\t\t<\/div>\n\t\t\t\t<section class=\"elementor-section elementor-top-section elementor-element elementor-element-v663ux6 elementor-section-boxed elementor-section-height-default elementor-section-height-default\" data-id=\"v663ux6\" data-element_type=\"section\" data-e-type=\"section\" data-settings=\"{&quot;background_background&quot;:&quot;gradient&quot;}\">\n\t\t\t\t\t\t<div class=\"elementor-container elementor-column-gap-no\">\n\t\t\t\t\t<div class=\"elementor-column elementor-col-100 elementor-top-column elementor-element elementor-element-e570ee8\" data-id=\"e570ee8\" data-element_type=\"column\" data-e-type=\"column\">\n\t\t\t<div class=\"elementor-widget-wrap elementor-element-populated\">\n\t\t\t\t\t\t<div class=\"elementor-element elementor-element-ef97e28 elementor-widget__width-initial elementor-grid-2 elementor-grid-tablet-2 elementor-grid-mobile-1 elementor-posts--thumbnail-top elementor-widget elementor-widget-posts\" data-id=\"ef97e28\" data-element_type=\"widget\" data-e-type=\"widget\" data-settings=\"{&quot;classic_columns&quot;:&quot;2&quot;,&quot;classic_columns_tablet&quot;:&quot;2&quot;,&quot;classic_columns_mobile&quot;:&quot;1&quot;,&quot;classic_row_gap&quot;:{&quot;unit&quot;:&quot;px&quot;,&quot;size&quot;:35,&quot;sizes&quot;:[]},&quot;classic_row_gap_tablet&quot;:{&quot;unit&quot;:&quot;px&quot;,&quot;size&quot;:&quot;&quot;,&quot;sizes&quot;:[]},&quot;classic_row_gap_mobile&quot;:{&quot;unit&quot;:&quot;px&quot;,&quot;size&quot;:&quot;&quot;,&quot;sizes&quot;:[]}}\" data-widget_type=\"posts.classic\">\n\t\t\t\t<div class=\"elementor-widget-container\">\n\t\t\t\t\t\t\t<div class=\"elementor-posts-container elementor-posts elementor-posts--skin-classic elementor-grid\" role=\"list\">\n\t\t\t\t<article class=\"elementor-post elementor-grid-item post-17245 post type-post status-publish format-standard has-post-thumbnail hentry category-selective-coating\" role=\"listitem\">\n\t\t\t\t<a class=\"elementor-post__thumbnail__link\" href=\"https:\/\/haichensmt.com\/it\/uv-adhesive-conformal-coating-process-specification\/\" tabindex=\"-1\" >\n\t\t\t<div class=\"elementor-post__thumbnail\"><img fetchpriority=\"high\" decoding=\"async\" width=\"600\" height=\"400\" src=\"https:\/\/haichensmt.com\/wp-content\/uploads\/2025\/06\/\u7b2c9\u9875-143.png\" class=\"attachment-medium_large size-medium_large wp-image-17268\" alt=\"conformal coating\" title=\"\" srcset=\"https:\/\/haichensmt.com\/wp-content\/uploads\/2025\/06\/\u7b2c9\u9875-143.png 600w, https:\/\/haichensmt.com\/wp-content\/uploads\/2025\/06\/\u7b2c9\u9875-143-300x200.png 300w, https:\/\/haichensmt.com\/wp-content\/uploads\/2025\/06\/\u7b2c9\u9875-143-18x12.png 18w\" sizes=\"(max-width: 600px) 100vw, 600px\" \/><\/div>\n\t\t<\/a>\n\t\t\t\t<div class=\"elementor-post__text\">\n\t\t\t\t<h3 class=\"elementor-post__title\">\n\t\t\t<a href=\"https:\/\/haichensmt.com\/it\/uv-adhesive-conformal-coating-process-specification\/\" >\n\t\t\t\tSpecifiche del processo di rivestimento conforme adesivo UV\t\t\t<\/a>\n\t\t<\/h3>\n\t\t\t\t<div class=\"elementor-post__meta-data\">\n\t\t\t\t\t<span class=\"elementor-post-date\">\n\t\t\t23 giugno 2025\t\t<\/span>\n\t\t\t\t<span class=\"elementor-post-avatar\">\n\t\t\tNessun commento\t\t<\/span>\n\t\t\t\t<\/div>\n\t\t\t\t<div class=\"elementor-post__excerpt\">\n\t\t\t<p>1. Purpose Stabilire e definire il flusso di processo e i requisiti per l&#039;applicazione del rivestimento conforme adesivo UV su PCBA. Raccomandazione macchina di rivestimento: HC-P450S Fare clic per visualizzare i parametri della macchina 2. Ambito Applicabile al processo di rivestimento conforme di PCBA per tutti i prodotti dell&#039;azienda. 3. Contenuto 3.1 Preparazione del rivestimento Eseguire un&#039;ispezione visiva sul PCBA da<\/p>\n\t\t<\/div>\n\t\t\n\t\t<a class=\"elementor-post__read-more\" href=\"https:\/\/haichensmt.com\/it\/uv-adhesive-conformal-coating-process-specification\/\" aria-label=\"Read more about UV Adhesive Conformal Coating Process Specification\" tabindex=\"-1\" >\n\t\t\tPer saperne di pi\u00f9 &quot;\t\t<\/a>\n\n\t\t\t\t<\/div>\n\t\t\t\t<\/article>\n\t\t\t\t<article class=\"elementor-post elementor-grid-item post-17223 post type-post status-publish format-standard has-post-thumbnail hentry category-selective-coating\" role=\"listitem\">\n\t\t\t\t<a class=\"elementor-post__thumbnail__link\" href=\"https:\/\/haichensmt.com\/it\/high-speed-precision-dispensing-machine-d450s-core-equipment-for-solving-color-difference-in-led-displays\/\" tabindex=\"-1\" >\n\t\t\t<div class=\"elementor-post__thumbnail\"><img decoding=\"async\" width=\"768\" height=\"512\" src=\"https:\/\/haichensmt.com\/wp-content\/uploads\/2024\/12\/39-768x512.jpg\" class=\"attachment-medium_large size-medium_large wp-image-16745\" alt=\"\" title=\"\" srcset=\"https:\/\/haichensmt.com\/wp-content\/uploads\/2024\/12\/39-768x512.jpg 768w, https:\/\/haichensmt.com\/wp-content\/uploads\/2024\/12\/39-300x200.jpg 300w, https:\/\/haichensmt.com\/wp-content\/uploads\/2024\/12\/39-1024x683.jpg 1024w, https:\/\/haichensmt.com\/wp-content\/uploads\/2024\/12\/39-18x12.jpg 18w, https:\/\/haichensmt.com\/wp-content\/uploads\/2024\/12\/39.jpg 1200w\" sizes=\"(max-width: 768px) 100vw, 768px\" \/><\/div>\n\t\t<\/a>\n\t\t\t\t<div class=\"elementor-post__text\">\n\t\t\t\t<h3 class=\"elementor-post__title\">\n\t\t\t<a href=\"https:\/\/haichensmt.com\/it\/high-speed-precision-dispensing-machine-d450s-core-equipment-for-solving-color-difference-in-led-displays\/\" >\n\t\t\t\tMacchina di dosaggio di precisione ad alta velocit\u00e0 D450S: attrezzatura fondamentale per risolvere le differenze di colore nei display a LED\t\t\t<\/a>\n\t\t<\/h3>\n\t\t\t\t<div class=\"elementor-post__meta-data\">\n\t\t\t\t\t<span class=\"elementor-post-date\">\n\t\t\t19 giugno 2025\t\t<\/span>\n\t\t\t\t<span class=\"elementor-post-avatar\">\n\t\t\tNessun commento\t\t<\/span>\n\t\t\t\t<\/div>\n\t\t\t\t<div class=\"elementor-post__excerpt\">\n\t\t\t<p>Macchina di erogazione ad alta velocit\u00e0 D450S \u2013 Superamento della differenza di colore dello schermo LED con precisione a livello di micron I. Vantaggi principali: Integrazione perfetta di spruzzatura ad alta precisione e produzione efficiente Controllo di precisione a livello di micron per affrontare la causa principale della differenza di colore Adotta il sistema di azionamento servo a tre assi XYZ (motore Panasonic servo +<\/p>\n\t\t<\/div>\n\t\t\n\t\t<a class=\"elementor-post__read-more\" href=\"https:\/\/haichensmt.com\/it\/high-speed-precision-dispensing-machine-d450s-core-equipment-for-solving-color-difference-in-led-displays\/\" aria-label=\"Read more about High &#8211; speed Precision Dispensing Machine D450S: Core Equipment for Solving Color Difference in LED Displays\" tabindex=\"-1\" >\n\t\t\tPer saperne di pi\u00f9 &quot;\t\t<\/a>\n\n\t\t\t\t<\/div>\n\t\t\t\t<\/article>\n\t\t\t\t<article class=\"elementor-post elementor-grid-item post-17211 post type-post status-publish format-standard has-post-thumbnail hentry category-selective-coating\" role=\"listitem\">\n\t\t\t\t<a class=\"elementor-post__thumbnail__link\" href=\"https:\/\/haichensmt.com\/it\/the-evolution-of-led-display-technology-from-fundamental-principles-to-inkjet-innovation\/\" tabindex=\"-1\" >\n\t\t\t<div class=\"elementor-post__thumbnail\"><img decoding=\"async\" width=\"768\" height=\"518\" src=\"https:\/\/haichensmt.com\/wp-content\/uploads\/2025\/06\/\u5c4f\u5e55\u622a\u56fe-2025-06-17-172144-768x518.png\" class=\"attachment-medium_large size-medium_large wp-image-17212\" alt=\"LED screen, LED light\" title=\"\" srcset=\"https:\/\/haichensmt.com\/wp-content\/uploads\/2025\/06\/\u5c4f\u5e55\u622a\u56fe-2025-06-17-172144-768x518.png 768w, https:\/\/haichensmt.com\/wp-content\/uploads\/2025\/06\/\u5c4f\u5e55\u622a\u56fe-2025-06-17-172144-300x202.png 300w, https:\/\/haichensmt.com\/wp-content\/uploads\/2025\/06\/\u5c4f\u5e55\u622a\u56fe-2025-06-17-172144-1024x691.png 1024w, https:\/\/haichensmt.com\/wp-content\/uploads\/2025\/06\/\u5c4f\u5e55\u622a\u56fe-2025-06-17-172144-18x12.png 18w, https:\/\/haichensmt.com\/wp-content\/uploads\/2025\/06\/\u5c4f\u5e55\u622a\u56fe-2025-06-17-172144.png 1063w\" sizes=\"(max-width: 768px) 100vw, 768px\" \/><\/div>\n\t\t<\/a>\n\t\t\t\t<div class=\"elementor-post__text\">\n\t\t\t\t<h3 class=\"elementor-post__title\">\n\t\t\t<a href=\"https:\/\/haichensmt.com\/it\/the-evolution-of-led-display-technology-from-fundamental-principles-to-inkjet-innovation\/\" >\n\t\t\t\tEvoluzione della tecnologia dei display a LED: focus sull&#039;innovazione del getto d&#039;inchiostro per macchine erogatrici\t\t\t<\/a>\n\t\t<\/h3>\n\t\t\t\t<div class=\"elementor-post__meta-data\">\n\t\t\t\t\t<span class=\"elementor-post-date\">\n\t\t\t17 giugno 2025\t\t<\/span>\n\t\t\t\t<span class=\"elementor-post-avatar\">\n\t\t\tNessun commento\t\t<\/span>\n\t\t\t\t<\/div>\n\t\t\t\t<div class=\"elementor-post__excerpt\">\n\t\t\t<p>Nell&#039;era digitale, i display a LED sono fondamentali in diverse applicazioni. Questo articolo si concentra sulla stampa a getto d&#039;inchiostro per macchine di distribuzione: esplora come risolve le sfide di sviluppo dei display, crea strati di emissione luminosa uniformi, interagisce con le apparecchiature SMT e influisce sui contrasti di packaging COB\/SMD. Consiglia inoltre i migliori strumenti per la stampa a getto d&#039;inchiostro, evidenziandone il ruolo nell&#039;innovazione dei display a LED. Nozioni di base<\/p>\n\t\t<\/div>\n\t\t\n\t\t<a class=\"elementor-post__read-more\" href=\"https:\/\/haichensmt.com\/it\/the-evolution-of-led-display-technology-from-fundamental-principles-to-inkjet-innovation\/\" aria-label=\"Read more about LED Display Technology Evolution: Focus on Dispensing Machine Inkjetting Innovation\" tabindex=\"-1\" >\n\t\t\tPer saperne di pi\u00f9 &quot;\t\t<\/a>\n\n\t\t\t\t<\/div>\n\t\t\t\t<\/article>\n\t\t\t\t<article class=\"elementor-post elementor-grid-item post-17151 post type-post status-publish format-standard has-post-thumbnail hentry category-selective-coating\" role=\"listitem\">\n\t\t\t\t<a class=\"elementor-post__thumbnail__link\" href=\"https:\/\/haichensmt.com\/it\/dispensing-machine-solution-for-ccs-in-ev-batteries\/\" tabindex=\"-1\" >\n\t\t\t<div class=\"elementor-post__thumbnail\"><img loading=\"lazy\" decoding=\"async\" width=\"768\" height=\"576\" src=\"https:\/\/haichensmt.com\/wp-content\/uploads\/2025\/06\/\u8f66pcb-768x576.png\" class=\"attachment-medium_large size-medium_large wp-image-17152\" alt=\"\" title=\"\" srcset=\"https:\/\/haichensmt.com\/wp-content\/uploads\/2025\/06\/\u8f66pcb-768x576.png 768w, https:\/\/haichensmt.com\/wp-content\/uploads\/2025\/06\/\u8f66pcb-300x225.png 300w, https:\/\/haichensmt.com\/wp-content\/uploads\/2025\/06\/\u8f66pcb-1024x768.png 1024w, https:\/\/haichensmt.com\/wp-content\/uploads\/2025\/06\/\u8f66pcb-16x12.png 16w, https:\/\/haichensmt.com\/wp-content\/uploads\/2025\/06\/\u8f66pcb.png 1360w\" sizes=\"(max-width: 768px) 100vw, 768px\" \/><\/div>\n\t\t<\/a>\n\t\t\t\t<div class=\"elementor-post__text\">\n\t\t\t\t<h3 class=\"elementor-post__title\">\n\t\t\t<a href=\"https:\/\/haichensmt.com\/it\/dispensing-machine-solution-for-ccs-in-ev-batteries\/\" >\n\t\t\t\tSoluzione di erogazione ad alta precisione per la post-elaborazione di CCS nelle batterie per veicoli elettrici\t\t\t<\/a>\n\t\t<\/h3>\n\t\t\t\t<div class=\"elementor-post__meta-data\">\n\t\t\t\t\t<span class=\"elementor-post-date\">\n\t\t\t14 giugno 2025\t\t<\/span>\n\t\t\t\t<span class=\"elementor-post-avatar\">\n\t\t\tNessun commento\t\t<\/span>\n\t\t\t\t<\/div>\n\t\t\t\t<div class=\"elementor-post__excerpt\">\n\t\t\t<p>I. Analisi del settore (Perch\u00e9 abbiamo bisogno di distributori automatici in produzione) Ricerche recenti mostrano che la domanda di FPC per le batterie per veicoli a nuova energia \u00e8 in forte crescita, emergendo come un fattore chiave di crescita. I dati pi\u00f9 recenti indicano che la quota di FPC nei PCB per autoveicoli \u00e8 aumentata da 12% a 15%. Le applicazioni FPC includono l&#039;illuminazione dei veicoli, i moduli display, i sistemi di controllo della potenza (BMS\/VCU\/MCU), i sensori, i sistemi ADAS,<\/p>\n\t\t<\/div>\n\t\t\n\t\t<a class=\"elementor-post__read-more\" href=\"https:\/\/haichensmt.com\/it\/dispensing-machine-solution-for-ccs-in-ev-batteries\/\" aria-label=\"Read more about High &#8211; Precision Dispensing Machine Solution for Post &#8211; processing of CCS in EV Power Batteries\" tabindex=\"-1\" >\n\t\t\tPer saperne di pi\u00f9 &quot;\t\t<\/a>\n\n\t\t\t\t<\/div>\n\t\t\t\t<\/article>\n\t\t\t\t<article class=\"elementor-post elementor-grid-item post-17102 post type-post status-publish format-standard has-post-thumbnail hentry category-selective-coating\" role=\"listitem\">\n\t\t\t\t<a class=\"elementor-post__thumbnail__link\" href=\"https:\/\/haichensmt.com\/it\/guide-to-selective-coating-machines\/\" tabindex=\"-1\" >\n\t\t\t<div class=\"elementor-post__thumbnail\"><img loading=\"lazy\" decoding=\"async\" width=\"768\" height=\"512\" src=\"https:\/\/haichensmt.com\/wp-content\/uploads\/2024\/12\/coating-768x512.webp\" class=\"attachment-medium_large size-medium_large wp-image-16775\" alt=\"\" title=\"\" srcset=\"https:\/\/haichensmt.com\/wp-content\/uploads\/2024\/12\/coating-768x512.webp 768w, https:\/\/haichensmt.com\/wp-content\/uploads\/2024\/12\/coating-300x200.webp 300w, https:\/\/haichensmt.com\/wp-content\/uploads\/2024\/12\/coating-1024x683.webp 1024w, https:\/\/haichensmt.com\/wp-content\/uploads\/2024\/12\/coating-18x12.webp 18w, https:\/\/haichensmt.com\/wp-content\/uploads\/2024\/12\/coating.webp 1080w\" sizes=\"(max-width: 768px) 100vw, 768px\" \/><\/div>\n\t\t<\/a>\n\t\t\t\t<div class=\"elementor-post__text\">\n\t\t\t\t<h3 class=\"elementor-post__title\">\n\t\t\t<a href=\"https:\/\/haichensmt.com\/it\/guide-to-selective-coating-machines\/\" >\n\t\t\t\tInvestire nella protezione: la tua guida alle macchine per il rivestimento selettivo\t\t\t<\/a>\n\t\t<\/h3>\n\t\t\t\t<div class=\"elementor-post__meta-data\">\n\t\t\t\t\t<span class=\"elementor-post-date\">\n\t\t\t22 maggio 2025\t\t<\/span>\n\t\t\t\t<span class=\"elementor-post-avatar\">\n\t\t\tNessun commento\t\t<\/span>\n\t\t\t\t<\/div>\n\t\t\t\t<div class=\"elementor-post__excerpt\">\n\t\t\t<p>Nell&#039;attuale mercato ipercompetitivo dell&#039;elettronica, l&#039;affidabilit\u00e0 e la longevit\u00e0 dei circuiti stampati (PCB) sono fondamentali. Man mano che i PCB diventano pi\u00f9 piccoli, pi\u00f9 complessi e vengono utilizzati in ambienti sempre pi\u00f9 difficili, proteggere i componenti elettronici sensibili da umidit\u00e0, polvere, sostanze chimiche e temperature estreme non \u00e8 pi\u00f9 un lusso, ma una necessit\u00e0. \u00c8 qui che entra in gioco il conformal coating, e in particolare:,<\/p>\n\t\t<\/div>\n\t\t\n\t\t<a class=\"elementor-post__read-more\" href=\"https:\/\/haichensmt.com\/it\/guide-to-selective-coating-machines\/\" aria-label=\"Read more about Investing in Protection: Your Guide to Selective Coating Machines\" tabindex=\"-1\" >\n\t\t\tPer saperne di pi\u00f9 &quot;\t\t<\/a>\n\n\t\t\t\t<\/div>\n\t\t\t\t<\/article>\n\t\t\t\t<\/div>\n\t\t\n\t\t\t\t\t\t<\/div>\n\t\t\t\t<\/div>\n\t\t\t\t\t<\/div>\n\t\t<\/div>\n\t\t\t\t\t<\/div>\n\t\t<\/section>\n\t\t\t\t<\/div>","protected":false},"excerpt":{"rendered":"<p>Article Get straight answers, useful tips, and clear explanations about surface mounting, through-hole, pcb assmbly technology and more on our blog.<\/p>","protected":false},"author":5,"featured_media":0,"parent":0,"menu_order":0,"comment_status":"closed","ping_status":"closed","template":"","meta":{"_lmt_disableupdate":"no","_lmt_disable":"","site-sidebar-layout":"no-sidebar","site-content-layout":"page-builder","ast-site-content-layout":"full-width-container","site-content-style":"unboxed","site-sidebar-style":"unboxed","ast-global-header-display":"","ast-banner-title-visibility":"","ast-main-header-display":"","ast-hfb-above-header-display":"","ast-hfb-below-header-display":"","ast-hfb-mobile-header-display":"","site-post-title":"disabled","ast-breadcrumbs-content":"disabled","ast-featured-img":"disabled","footer-sml-layout":"","ast-disable-related-posts":"","theme-transparent-header-meta":"","adv-header-id-meta":"","stick-header-meta":"","header-above-stick-meta":"","header-main-stick-meta":"","header-below-stick-meta":"","astra-migrate-meta-layouts":"set","ast-page-background-enabled":"default","ast-page-background-meta":{"desktop":{"background-color":"","background-image":"","background-repeat":"repeat","background-position":"center center","background-size":"auto","background-attachment":"scroll","background-type":"","background-media":"","overlay-type":"","overlay-color":"","overlay-opacity":"","overlay-gradient":""},"tablet":{"background-color":"","background-image":"","background-repeat":"repeat","background-position":"center center","background-size":"auto","background-attachment":"scroll","background-type":"","background-media":"","overlay-type":"","overlay-color":"","overlay-opacity":"","overlay-gradient":""},"mobile":{"background-color":"","background-image":"","background-repeat":"repeat","background-position":"center center","background-size":"auto","background-attachment":"scroll","background-type":"","background-media":"","overlay-type":"","overlay-color":"","overlay-opacity":"","overlay-gradient":""}},"ast-content-background-meta":{"desktop":{"background-color":"var(--ast-global-color-5)","background-image":"","background-repeat":"repeat","background-position":"center center","background-size":"auto","background-attachment":"scroll","background-type":"","background-media":"","overlay-type":"","overlay-color":"","overlay-opacity":"","overlay-gradient":""},"tablet":{"background-color":"var(--ast-global-color-5)","background-image":"","background-repeat":"repeat","background-position":"center center","background-size":"auto","background-attachment":"scroll","background-type":"","background-media":"","overlay-type":"","overlay-color":"","overlay-opacity":"","overlay-gradient":""},"mobile":{"background-color":"var(--ast-global-color-5)","background-image":"","background-repeat":"repeat","background-position":"center center","background-size":"auto","background-attachment":"scroll","background-type":"","background-media":"","overlay-type":"","overlay-color":"","overlay-opacity":"","overlay-gradient":""}},"footnotes":""},"class_list":["post-4139","page","type-page","status-publish","hentry"],"_links":{"self":[{"href":"https:\/\/haichensmt.com\/it\/wp-json\/wp\/v2\/pages\/4139","targetHints":{"allow":["GET"]}}],"collection":[{"href":"https:\/\/haichensmt.com\/it\/wp-json\/wp\/v2\/pages"}],"about":[{"href":"https:\/\/haichensmt.com\/it\/wp-json\/wp\/v2\/types\/page"}],"author":[{"embeddable":true,"href":"https:\/\/haichensmt.com\/it\/wp-json\/wp\/v2\/users\/5"}],"replies":[{"embeddable":true,"href":"https:\/\/haichensmt.com\/it\/wp-json\/wp\/v2\/comments?post=4139"}],"version-history":[{"count":23,"href":"https:\/\/haichensmt.com\/it\/wp-json\/wp\/v2\/pages\/4139\/revisions"}],"predecessor-version":[{"id":17210,"href":"https:\/\/haichensmt.com\/it\/wp-json\/wp\/v2\/pages\/4139\/revisions\/17210"}],"wp:attachment":[{"href":"https:\/\/haichensmt.com\/it\/wp-json\/wp\/v2\/media?parent=4139"}],"curies":[{"name":"wp","href":"https:\/\/api.w.org\/{rel}","templated":true}]}}