{"id":4139,"date":"2022-01-06T09:58:20","date_gmt":"2022-01-06T09:58:20","guid":{"rendered":"https:\/\/leadrp.net\/?page_id=4139"},"modified":"2025-06-17T14:51:44","modified_gmt":"2025-06-17T06:51:44","slug":"blog","status":"publish","type":"page","link":"https:\/\/haichensmt.com\/fr\/blog\/","title":{"rendered":"Blog"},"content":{"rendered":"<div data-elementor-type=\"wp-page\" data-elementor-id=\"4139\" class=\"elementor elementor-4139\" data-elementor-post-type=\"page\">\n\t\t\t\t<div class=\"elementor-element elementor-element-73a7e0b e-flex e-con-boxed e-con e-parent\" data-id=\"73a7e0b\" data-element_type=\"container\" data-e-type=\"container\" data-settings=\"{&quot;background_background&quot;:&quot;classic&quot;}\">\n\t\t\t\t\t<div class=\"e-con-inner\">\n\t\t<div class=\"elementor-element elementor-element-ed80382 e-con-full e-flex e-con e-child\" data-id=\"ed80382\" data-element_type=\"container\" data-e-type=\"container\">\n\t\t\t\t<div class=\"elementor-element elementor-element-e0470cf elementor-widget elementor-widget-heading\" data-id=\"e0470cf\" data-element_type=\"widget\" data-e-type=\"widget\" data-widget_type=\"heading.default\">\n\t\t\t\t\t<h1 class=\"elementor-heading-title elementor-size-default\">Article<\/h1>\t\t\t\t<\/div>\n\t\t\t\t<div class=\"elementor-element elementor-element-a00dff5 elementor-widget elementor-widget-text-editor\" data-id=\"a00dff5\" data-element_type=\"widget\" data-e-type=\"widget\" data-widget_type=\"text-editor.default\">\n\t\t\t\t\t\t\t\t\t<p>Obtenez des r\u00e9ponses directes, des conseils utiles et des explications claires sur le montage en surface, les trous traversants, la technologie d'assemblage des circuits imprim\u00e9s et bien d'autres choses encore sur notre blog.<\/p>\t\t\t\t\t\t\t\t<\/div>\n\t\t\t\t<\/div>\n\t\t\t\t\t<\/div>\n\t\t\t\t<\/div>\n\t\t\t\t<section class=\"elementor-section elementor-top-section elementor-element elementor-element-v663ux6 elementor-section-boxed elementor-section-height-default elementor-section-height-default\" data-id=\"v663ux6\" data-element_type=\"section\" data-e-type=\"section\" data-settings=\"{&quot;background_background&quot;:&quot;gradient&quot;}\">\n\t\t\t\t\t\t<div class=\"elementor-container elementor-column-gap-no\">\n\t\t\t\t\t<div class=\"elementor-column elementor-col-100 elementor-top-column elementor-element elementor-element-e570ee8\" data-id=\"e570ee8\" data-element_type=\"column\" data-e-type=\"column\">\n\t\t\t<div class=\"elementor-widget-wrap elementor-element-populated\">\n\t\t\t\t\t\t<div class=\"elementor-element elementor-element-ef97e28 elementor-widget__width-initial elementor-grid-2 elementor-grid-tablet-2 elementor-grid-mobile-1 elementor-posts--thumbnail-top elementor-widget elementor-widget-posts\" data-id=\"ef97e28\" data-element_type=\"widget\" data-e-type=\"widget\" data-settings=\"{&quot;classic_columns&quot;:&quot;2&quot;,&quot;classic_columns_tablet&quot;:&quot;2&quot;,&quot;classic_columns_mobile&quot;:&quot;1&quot;,&quot;classic_row_gap&quot;:{&quot;unit&quot;:&quot;px&quot;,&quot;size&quot;:35,&quot;sizes&quot;:[]},&quot;classic_row_gap_tablet&quot;:{&quot;unit&quot;:&quot;px&quot;,&quot;size&quot;:&quot;&quot;,&quot;sizes&quot;:[]},&quot;classic_row_gap_mobile&quot;:{&quot;unit&quot;:&quot;px&quot;,&quot;size&quot;:&quot;&quot;,&quot;sizes&quot;:[]}}\" data-widget_type=\"posts.classic\">\n\t\t\t\t<div class=\"elementor-widget-container\">\n\t\t\t\t\t\t\t<div class=\"elementor-posts-container elementor-posts elementor-posts--skin-classic elementor-grid\" role=\"list\">\n\t\t\t\t<article class=\"elementor-post elementor-grid-item post-17245 post type-post status-publish format-standard has-post-thumbnail hentry category-selective-coating\" role=\"listitem\">\n\t\t\t\t<a class=\"elementor-post__thumbnail__link\" href=\"https:\/\/haichensmt.com\/fr\/uv-adhesive-conformal-coating-process-specification\/\" tabindex=\"-1\" >\n\t\t\t<div class=\"elementor-post__thumbnail\"><img fetchpriority=\"high\" decoding=\"async\" width=\"600\" height=\"400\" src=\"https:\/\/haichensmt.com\/wp-content\/uploads\/2025\/06\/\u7b2c9\u9875-143.png\" class=\"attachment-medium_large size-medium_large wp-image-17268\" alt=\"conformal coating\" title=\"\" srcset=\"https:\/\/haichensmt.com\/wp-content\/uploads\/2025\/06\/\u7b2c9\u9875-143.png 600w, https:\/\/haichensmt.com\/wp-content\/uploads\/2025\/06\/\u7b2c9\u9875-143-300x200.png 300w, https:\/\/haichensmt.com\/wp-content\/uploads\/2025\/06\/\u7b2c9\u9875-143-18x12.png 18w\" sizes=\"(max-width: 600px) 100vw, 600px\" \/><\/div>\n\t\t<\/a>\n\t\t\t\t<div class=\"elementor-post__text\">\n\t\t\t\t<h3 class=\"elementor-post__title\">\n\t\t\t<a href=\"https:\/\/haichensmt.com\/fr\/uv-adhesive-conformal-coating-process-specification\/\" >\n\t\t\t\tSp\u00e9cifications du proc\u00e9d\u00e9 de rev\u00eatement conforme adh\u00e9sif UV\t\t\t<\/a>\n\t\t<\/h3>\n\t\t\t\t<div class=\"elementor-post__meta-data\">\n\t\t\t\t\t<span class=\"elementor-post-date\">\n\t\t\t23 juin 2025\t\t<\/span>\n\t\t\t\t<span class=\"elementor-post-avatar\">\n\t\t\tAucun commentaire\t\t<\/span>\n\t\t\t\t<\/div>\n\t\t\t\t<div class=\"elementor-post__excerpt\">\n\t\t\t<p>1. Purpose \u00c9tablir et d\u00e9finir le flux de processus et les exigences pour l&#039;application d&#039;un vernis de protection adh\u00e9sif UV sur les cartes de circuits imprim\u00e9s (PCBA). Machine de rev\u00eatement recommand\u00e9e\u00a0: HC-P450S (Cliquez pour afficher les param\u00e8tres de la machine). 2. Champ d&#039;application\u00a0: Applicable au processus de rev\u00eatement de protection des cartes de circuits imprim\u00e9s (PCBA) pour tous les produits de l&#039;entreprise. 3. Contenu\u00a0: 3.1 Pr\u00e9paration du rev\u00eatement\u00a0: Effectuer un contr\u00f4le visuel de la carte de circuit imprim\u00e9 (PCBA) \u00e0 rev\u00eatir.<\/p>\n\t\t<\/div>\n\t\t\n\t\t<a class=\"elementor-post__read-more\" href=\"https:\/\/haichensmt.com\/fr\/uv-adhesive-conformal-coating-process-specification\/\" aria-label=\"Read more about UV Adhesive Conformal Coating Process Specification\" tabindex=\"-1\" >\n\t\t\tEn savoir plus &quot;\t\t<\/a>\n\n\t\t\t\t<\/div>\n\t\t\t\t<\/article>\n\t\t\t\t<article class=\"elementor-post elementor-grid-item post-17223 post type-post status-publish format-standard has-post-thumbnail hentry category-selective-coating\" role=\"listitem\">\n\t\t\t\t<a class=\"elementor-post__thumbnail__link\" href=\"https:\/\/haichensmt.com\/fr\/high-speed-precision-dispensing-machine-d450s-core-equipment-for-solving-color-difference-in-led-displays\/\" tabindex=\"-1\" >\n\t\t\t<div class=\"elementor-post__thumbnail\"><img decoding=\"async\" width=\"768\" height=\"512\" src=\"https:\/\/haichensmt.com\/wp-content\/uploads\/2024\/12\/39-768x512.jpg\" class=\"attachment-medium_large size-medium_large wp-image-16745\" alt=\"\" title=\"\" srcset=\"https:\/\/haichensmt.com\/wp-content\/uploads\/2024\/12\/39-768x512.jpg 768w, https:\/\/haichensmt.com\/wp-content\/uploads\/2024\/12\/39-300x200.jpg 300w, https:\/\/haichensmt.com\/wp-content\/uploads\/2024\/12\/39-1024x683.jpg 1024w, https:\/\/haichensmt.com\/wp-content\/uploads\/2024\/12\/39-18x12.jpg 18w, https:\/\/haichensmt.com\/wp-content\/uploads\/2024\/12\/39.jpg 1200w\" sizes=\"(max-width: 768px) 100vw, 768px\" \/><\/div>\n\t\t<\/a>\n\t\t\t\t<div class=\"elementor-post__text\">\n\t\t\t\t<h3 class=\"elementor-post__title\">\n\t\t\t<a href=\"https:\/\/haichensmt.com\/fr\/high-speed-precision-dispensing-machine-d450s-core-equipment-for-solving-color-difference-in-led-displays\/\" >\n\t\t\t\tMachine de distribution de pr\u00e9cision \u00e0 haute vitesse D450S\u00a0: \u00e9quipement essentiel pour r\u00e9soudre les probl\u00e8mes de diff\u00e9rence de couleur dans les \u00e9crans LED\t\t\t<\/a>\n\t\t<\/h3>\n\t\t\t\t<div class=\"elementor-post__meta-data\">\n\t\t\t\t\t<span class=\"elementor-post-date\">\n\t\t\t19 juin 2025\t\t<\/span>\n\t\t\t\t<span class=\"elementor-post-avatar\">\n\t\t\tAucun commentaire\t\t<\/span>\n\t\t\t\t<\/div>\n\t\t\t\t<div class=\"elementor-post__excerpt\">\n\t\t\t<p>Machine de distribution haute vitesse D450S \u2013 \u00c9limination des diff\u00e9rences de couleur des \u00e9crans LED gr\u00e2ce \u00e0 une pr\u00e9cision microm\u00e9trique I. Principaux avantages\u00a0: Int\u00e9gration parfaite d\u2019une pulv\u00e9risation haute pr\u00e9cision et d\u2019une production efficace Contr\u00f4le de pr\u00e9cision microm\u00e9trique pour \u00e9liminer la cause premi\u00e8re des diff\u00e9rences de couleur Syst\u00e8me d\u2019entra\u00eenement triaxial XYZ servo (moteur Panasonic servo +<\/p>\n\t\t<\/div>\n\t\t\n\t\t<a class=\"elementor-post__read-more\" href=\"https:\/\/haichensmt.com\/fr\/high-speed-precision-dispensing-machine-d450s-core-equipment-for-solving-color-difference-in-led-displays\/\" aria-label=\"Read more about High &#8211; speed Precision Dispensing Machine D450S: Core Equipment for Solving Color Difference in LED Displays\" tabindex=\"-1\" >\n\t\t\tEn savoir plus &quot;\t\t<\/a>\n\n\t\t\t\t<\/div>\n\t\t\t\t<\/article>\n\t\t\t\t<article class=\"elementor-post elementor-grid-item post-17211 post type-post status-publish format-standard has-post-thumbnail hentry category-selective-coating\" role=\"listitem\">\n\t\t\t\t<a class=\"elementor-post__thumbnail__link\" href=\"https:\/\/haichensmt.com\/fr\/the-evolution-of-led-display-technology-from-fundamental-principles-to-inkjet-innovation\/\" tabindex=\"-1\" >\n\t\t\t<div class=\"elementor-post__thumbnail\"><img decoding=\"async\" width=\"768\" height=\"518\" src=\"https:\/\/haichensmt.com\/wp-content\/uploads\/2025\/06\/\u5c4f\u5e55\u622a\u56fe-2025-06-17-172144-768x518.png\" class=\"attachment-medium_large size-medium_large wp-image-17212\" alt=\"LED screen, LED light\" title=\"\" srcset=\"https:\/\/haichensmt.com\/wp-content\/uploads\/2025\/06\/\u5c4f\u5e55\u622a\u56fe-2025-06-17-172144-768x518.png 768w, https:\/\/haichensmt.com\/wp-content\/uploads\/2025\/06\/\u5c4f\u5e55\u622a\u56fe-2025-06-17-172144-300x202.png 300w, https:\/\/haichensmt.com\/wp-content\/uploads\/2025\/06\/\u5c4f\u5e55\u622a\u56fe-2025-06-17-172144-1024x691.png 1024w, https:\/\/haichensmt.com\/wp-content\/uploads\/2025\/06\/\u5c4f\u5e55\u622a\u56fe-2025-06-17-172144-18x12.png 18w, https:\/\/haichensmt.com\/wp-content\/uploads\/2025\/06\/\u5c4f\u5e55\u622a\u56fe-2025-06-17-172144.png 1063w\" sizes=\"(max-width: 768px) 100vw, 768px\" \/><\/div>\n\t\t<\/a>\n\t\t\t\t<div class=\"elementor-post__text\">\n\t\t\t\t<h3 class=\"elementor-post__title\">\n\t\t\t<a href=\"https:\/\/haichensmt.com\/fr\/the-evolution-of-led-display-technology-from-fundamental-principles-to-inkjet-innovation\/\" >\n\t\t\t\t\u00c9volution de la technologie d&#039;affichage LED\u00a0: focus sur l&#039;innovation en mati\u00e8re d&#039;impression jet d&#039;encre pour machines de distribution\t\t\t<\/a>\n\t\t<\/h3>\n\t\t\t\t<div class=\"elementor-post__meta-data\">\n\t\t\t\t\t<span class=\"elementor-post-date\">\n\t\t\t17 juin 2025\t\t<\/span>\n\t\t\t\t<span class=\"elementor-post-avatar\">\n\t\t\tAucun commentaire\t\t<\/span>\n\t\t\t\t<\/div>\n\t\t\t\t<div class=\"elementor-post__excerpt\">\n\t\t\t<p>\u00c0 l&#039;\u00e8re du num\u00e9rique, les \u00e9crans LED sont essentiels dans de nombreuses applications. Cet article se concentre sur l&#039;impression jet d&#039;encre\u00a0: comment elle rel\u00e8ve les d\u00e9fis du d\u00e9veloppement d&#039;\u00e9crans, forme des couches \u00e9lectroluminescentes uniformes, se combine aux \u00e9quipements CMS et influence les diff\u00e9rences de conditionnement COB\/SMD. Il recommande \u00e9galement les meilleurs outils d&#039;impression jet d&#039;encre, en soulignant leur r\u00f4le dans l&#039;innovation des \u00e9crans LED. Principes de base<\/p>\n\t\t<\/div>\n\t\t\n\t\t<a class=\"elementor-post__read-more\" href=\"https:\/\/haichensmt.com\/fr\/the-evolution-of-led-display-technology-from-fundamental-principles-to-inkjet-innovation\/\" aria-label=\"Read more about LED Display Technology Evolution: Focus on Dispensing Machine Inkjetting Innovation\" tabindex=\"-1\" >\n\t\t\tEn savoir plus &quot;\t\t<\/a>\n\n\t\t\t\t<\/div>\n\t\t\t\t<\/article>\n\t\t\t\t<article class=\"elementor-post elementor-grid-item post-17151 post type-post status-publish format-standard has-post-thumbnail hentry category-selective-coating\" role=\"listitem\">\n\t\t\t\t<a class=\"elementor-post__thumbnail__link\" href=\"https:\/\/haichensmt.com\/fr\/dispensing-machine-solution-for-ccs-in-ev-batteries\/\" tabindex=\"-1\" >\n\t\t\t<div class=\"elementor-post__thumbnail\"><img loading=\"lazy\" decoding=\"async\" width=\"768\" height=\"576\" src=\"https:\/\/haichensmt.com\/wp-content\/uploads\/2025\/06\/\u8f66pcb-768x576.png\" class=\"attachment-medium_large size-medium_large wp-image-17152\" alt=\"\" title=\"\" srcset=\"https:\/\/haichensmt.com\/wp-content\/uploads\/2025\/06\/\u8f66pcb-768x576.png 768w, https:\/\/haichensmt.com\/wp-content\/uploads\/2025\/06\/\u8f66pcb-300x225.png 300w, https:\/\/haichensmt.com\/wp-content\/uploads\/2025\/06\/\u8f66pcb-1024x768.png 1024w, https:\/\/haichensmt.com\/wp-content\/uploads\/2025\/06\/\u8f66pcb-16x12.png 16w, https:\/\/haichensmt.com\/wp-content\/uploads\/2025\/06\/\u8f66pcb.png 1360w\" sizes=\"(max-width: 768px) 100vw, 768px\" \/><\/div>\n\t\t<\/a>\n\t\t\t\t<div class=\"elementor-post__text\">\n\t\t\t\t<h3 class=\"elementor-post__title\">\n\t\t\t<a href=\"https:\/\/haichensmt.com\/fr\/dispensing-machine-solution-for-ccs-in-ev-batteries\/\" >\n\t\t\t\tSolution de machine de dosage de haute pr\u00e9cision pour le post-traitement du CCS dans les batteries de v\u00e9hicules \u00e9lectriques\t\t\t<\/a>\n\t\t<\/h3>\n\t\t\t\t<div class=\"elementor-post__meta-data\">\n\t\t\t\t\t<span class=\"elementor-post-date\">\n\t\t\t14 juin 2025\t\t<\/span>\n\t\t\t\t<span class=\"elementor-post-avatar\">\n\t\t\tAucun commentaire\t\t<\/span>\n\t\t\t\t<\/div>\n\t\t\t\t<div class=\"elementor-post__excerpt\">\n\t\t\t<p>I. Analyse du secteur (Pourquoi avons-nous besoin d&#039;une machine de distribution en production\u00a0?) Des recherches r\u00e9centes montrent que la demande de circuits imprim\u00e9s flexibles (FPC) pour les batteries des v\u00e9hicules \u00e0 \u00e9nergies nouvelles est en forte hausse et s&#039;impose comme un moteur de croissance cl\u00e9. Les derni\u00e8res donn\u00e9es indiquent que la part des FPC dans les circuits imprim\u00e9s automobiles est pass\u00e9e de 121\u00a0TP8T \u00e0 151\u00a0TP8T. Les applications des FPC couvrent l&#039;\u00e9clairage des v\u00e9hicules, les modules d&#039;affichage, les syst\u00e8mes de contr\u00f4le de l&#039;alimentation (BMS\/VCU\/MCU), les capteurs et les syst\u00e8mes ADAS.,<\/p>\n\t\t<\/div>\n\t\t\n\t\t<a class=\"elementor-post__read-more\" href=\"https:\/\/haichensmt.com\/fr\/dispensing-machine-solution-for-ccs-in-ev-batteries\/\" aria-label=\"Read more about High &#8211; Precision Dispensing Machine Solution for Post &#8211; processing of CCS in EV Power Batteries\" tabindex=\"-1\" >\n\t\t\tEn savoir plus &quot;\t\t<\/a>\n\n\t\t\t\t<\/div>\n\t\t\t\t<\/article>\n\t\t\t\t<article class=\"elementor-post elementor-grid-item post-17102 post type-post status-publish format-standard has-post-thumbnail hentry category-selective-coating\" role=\"listitem\">\n\t\t\t\t<a class=\"elementor-post__thumbnail__link\" href=\"https:\/\/haichensmt.com\/fr\/guide-to-selective-coating-machines\/\" tabindex=\"-1\" >\n\t\t\t<div class=\"elementor-post__thumbnail\"><img loading=\"lazy\" decoding=\"async\" width=\"768\" height=\"512\" src=\"https:\/\/haichensmt.com\/wp-content\/uploads\/2024\/12\/coating-768x512.webp\" class=\"attachment-medium_large size-medium_large wp-image-16775\" alt=\"\" title=\"\" srcset=\"https:\/\/haichensmt.com\/wp-content\/uploads\/2024\/12\/coating-768x512.webp 768w, https:\/\/haichensmt.com\/wp-content\/uploads\/2024\/12\/coating-300x200.webp 300w, https:\/\/haichensmt.com\/wp-content\/uploads\/2024\/12\/coating-1024x683.webp 1024w, https:\/\/haichensmt.com\/wp-content\/uploads\/2024\/12\/coating-18x12.webp 18w, https:\/\/haichensmt.com\/wp-content\/uploads\/2024\/12\/coating.webp 1080w\" sizes=\"(max-width: 768px) 100vw, 768px\" \/><\/div>\n\t\t<\/a>\n\t\t\t\t<div class=\"elementor-post__text\">\n\t\t\t\t<h3 class=\"elementor-post__title\">\n\t\t\t<a href=\"https:\/\/haichensmt.com\/fr\/guide-to-selective-coating-machines\/\" >\n\t\t\t\tInvestir dans la protection : votre guide des machines de rev\u00eatement s\u00e9lectif\t\t\t<\/a>\n\t\t<\/h3>\n\t\t\t\t<div class=\"elementor-post__meta-data\">\n\t\t\t\t\t<span class=\"elementor-post-date\">\n\t\t\t22 mai 2025\t\t<\/span>\n\t\t\t\t<span class=\"elementor-post-avatar\">\n\t\t\tAucun commentaire\t\t<\/span>\n\t\t\t\t<\/div>\n\t\t\t\t<div class=\"elementor-post__excerpt\">\n\t\t\t<p>Dans le march\u00e9 de l&#039;\u00e9lectronique actuel, hyperconcurrentiel, la fiabilit\u00e9 et la long\u00e9vit\u00e9 des cartes de circuits imprim\u00e9s (PCB) sont primordiales. \u00c0 mesure que les dispositifs deviennent plus petits, plus complexes et sont d\u00e9ploy\u00e9s dans des environnements de plus en plus difficiles, la protection des composants \u00e9lectroniques sensibles contre l&#039;humidit\u00e9, la poussi\u00e8re, les produits chimiques et les temp\u00e9ratures extr\u00eames n&#039;est plus un luxe, mais une n\u00e9cessit\u00e9. C&#039;est l\u00e0 qu&#039;intervient le rev\u00eatement conforme.<\/p>\n\t\t<\/div>\n\t\t\n\t\t<a class=\"elementor-post__read-more\" href=\"https:\/\/haichensmt.com\/fr\/guide-to-selective-coating-machines\/\" aria-label=\"Read more about Investing in Protection: Your Guide to Selective Coating Machines\" tabindex=\"-1\" >\n\t\t\tEn savoir plus &quot;\t\t<\/a>\n\n\t\t\t\t<\/div>\n\t\t\t\t<\/article>\n\t\t\t\t<\/div>\n\t\t\n\t\t\t\t\t\t<\/div>\n\t\t\t\t<\/div>\n\t\t\t\t\t<\/div>\n\t\t<\/div>\n\t\t\t\t\t<\/div>\n\t\t<\/section>\n\t\t\t\t<\/div>","protected":false},"excerpt":{"rendered":"<p>Article Get straight answers, useful tips, and clear explanations about surface mounting, through-hole, pcb assmbly technology and more on our blog.<\/p>","protected":false},"author":5,"featured_media":0,"parent":0,"menu_order":0,"comment_status":"closed","ping_status":"closed","template":"","meta":{"_lmt_disableupdate":"no","_lmt_disable":"","site-sidebar-layout":"no-sidebar","site-content-layout":"page-builder","ast-site-content-layout":"full-width-container","site-content-style":"unboxed","site-sidebar-style":"unboxed","ast-global-header-display":"","ast-banner-title-visibility":"","ast-main-header-display":"","ast-hfb-above-header-display":"","ast-hfb-below-header-display":"","ast-hfb-mobile-header-display":"","site-post-title":"disabled","ast-breadcrumbs-content":"disabled","ast-featured-img":"disabled","footer-sml-layout":"","ast-disable-related-posts":"","theme-transparent-header-meta":"","adv-header-id-meta":"","stick-header-meta":"","header-above-stick-meta":"","header-main-stick-meta":"","header-below-stick-meta":"","astra-migrate-meta-layouts":"set","ast-page-background-enabled":"default","ast-page-background-meta":{"desktop":{"background-color":"","background-image":"","background-repeat":"repeat","background-position":"center center","background-size":"auto","background-attachment":"scroll","background-type":"","background-media":"","overlay-type":"","overlay-color":"","overlay-opacity":"","overlay-gradient":""},"tablet":{"background-color":"","background-image":"","background-repeat":"repeat","background-position":"center center","background-size":"auto","background-attachment":"scroll","background-type":"","background-media":"","overlay-type":"","overlay-color":"","overlay-opacity":"","overlay-gradient":""},"mobile":{"background-color":"","background-image":"","background-repeat":"repeat","background-position":"center center","background-size":"auto","background-attachment":"scroll","background-type":"","background-media":"","overlay-type":"","overlay-color":"","overlay-opacity":"","overlay-gradient":""}},"ast-content-background-meta":{"desktop":{"background-color":"var(--ast-global-color-5)","background-image":"","background-repeat":"repeat","background-position":"center center","background-size":"auto","background-attachment":"scroll","background-type":"","background-media":"","overlay-type":"","overlay-color":"","overlay-opacity":"","overlay-gradient":""},"tablet":{"background-color":"var(--ast-global-color-5)","background-image":"","background-repeat":"repeat","background-position":"center center","background-size":"auto","background-attachment":"scroll","background-type":"","background-media":"","overlay-type":"","overlay-color":"","overlay-opacity":"","overlay-gradient":""},"mobile":{"background-color":"var(--ast-global-color-5)","background-image":"","background-repeat":"repeat","background-position":"center center","background-size":"auto","background-attachment":"scroll","background-type":"","background-media":"","overlay-type":"","overlay-color":"","overlay-opacity":"","overlay-gradient":""}},"footnotes":""},"class_list":["post-4139","page","type-page","status-publish","hentry"],"_links":{"self":[{"href":"https:\/\/haichensmt.com\/fr\/wp-json\/wp\/v2\/pages\/4139","targetHints":{"allow":["GET"]}}],"collection":[{"href":"https:\/\/haichensmt.com\/fr\/wp-json\/wp\/v2\/pages"}],"about":[{"href":"https:\/\/haichensmt.com\/fr\/wp-json\/wp\/v2\/types\/page"}],"author":[{"embeddable":true,"href":"https:\/\/haichensmt.com\/fr\/wp-json\/wp\/v2\/users\/5"}],"replies":[{"embeddable":true,"href":"https:\/\/haichensmt.com\/fr\/wp-json\/wp\/v2\/comments?post=4139"}],"version-history":[{"count":23,"href":"https:\/\/haichensmt.com\/fr\/wp-json\/wp\/v2\/pages\/4139\/revisions"}],"predecessor-version":[{"id":17210,"href":"https:\/\/haichensmt.com\/fr\/wp-json\/wp\/v2\/pages\/4139\/revisions\/17210"}],"wp:attachment":[{"href":"https:\/\/haichensmt.com\/fr\/wp-json\/wp\/v2\/media?parent=4139"}],"curies":[{"name":"wp","href":"https:\/\/api.w.org\/{rel}","templated":true}]}}